{"id":744,"date":"2022-02-10T08:11:32","date_gmt":"2022-02-10T08:11:32","guid":{"rendered":"http:\/\/timpswalo.org\/?page_id=744"},"modified":"2026-04-21T09:00:23","modified_gmt":"2026-04-21T09:00:23","slug":"as-nossas-causas","status":"publish","type":"page","link":"https:\/\/timpswalo.org\/en\/as-nossas-causas\/","title":{"rendered":"OUR CAUSES"},"content":{"rendered":"<div data-elementor-type=\"wp-page\" data-elementor-id=\"744\" class=\"elementor elementor-744\">\n\t\t\t\t<div class=\"elementor-element elementor-element-9615f5e e-flex e-con-boxed e-con e-parent\" data-id=\"9615f5e\" data-element_type=\"container\">\n\t\t\t\t\t<div class=\"e-con-inner\">\n\t\t<div class=\"elementor-element elementor-element-800da3f e-con-full e-flex e-con e-child\" data-id=\"800da3f\" data-element_type=\"container\">\n\t\t\t\t<div class=\"elementor-element elementor-element-09eef83 ekit-equal-height-disable elementor-widget elementor-widget-elementskit-image-box\" data-id=\"09eef83\" data-element_type=\"widget\" data-widget_type=\"elementskit-image-box.default\">\n\t\t\t\t<div class=\"elementor-widget-container\">\n\t\t\t\t\t<div class=\"ekit-wid-con\" >\n            <div class=\"elementskit-info-image-box ekit-image-box text-center simple-card\" >\n\n                \n                <div class=\"elementskit-box-header image-box-img-center\">\n\n                    <img fetchpriority=\"high\" decoding=\"async\" width=\"1735\" height=\"1154\" src=\"https:\/\/timpswalo.org\/wp-content\/uploads\/2023\/01\/DD_TimpswaloWebSiteIMG2023-01.jpg\" class=\"attachment-full size-full wp-image-3028\" alt=\"\" srcset=\"https:\/\/timpswalo.org\/wp-content\/uploads\/2023\/01\/DD_TimpswaloWebSiteIMG2023-01.jpg 1735w, https:\/\/timpswalo.org\/wp-content\/uploads\/2023\/01\/DD_TimpswaloWebSiteIMG2023-01-300x200.jpg 300w, https:\/\/timpswalo.org\/wp-content\/uploads\/2023\/01\/DD_TimpswaloWebSiteIMG2023-01-1024x681.jpg 1024w, https:\/\/timpswalo.org\/wp-content\/uploads\/2023\/01\/DD_TimpswaloWebSiteIMG2023-01-768x511.jpg 768w, https:\/\/timpswalo.org\/wp-content\/uploads\/2023\/01\/DD_TimpswaloWebSiteIMG2023-01-1536x1022.jpg 1536w, https:\/\/timpswalo.org\/wp-content\/uploads\/2023\/01\/DD_TimpswaloWebSiteIMG2023-01-18x12.jpg 18w, https:\/\/timpswalo.org\/wp-content\/uploads\/2023\/01\/DD_TimpswaloWebSiteIMG2023-01-375x249.jpg 375w, https:\/\/timpswalo.org\/wp-content\/uploads\/2023\/01\/DD_TimpswaloWebSiteIMG2023-01-600x399.jpg 600w\" sizes=\"(max-width: 1735px) 100vw, 1735px\" \/>\n                <\/div>\n                \n                <div class=\"elementskit-box-body ekit-image-box-body\">\n                    <div class=\"elementskit-box-content ekit-image-box-body-inner\">\n                                                <h3 class=\"elementskit-info-box-title\">\n\n                         CHILDREN'S EDUCATION\n                        \n                    <\/h3>\n                                                        <\/div>\n\n                                <div class=\"elementskit-box-footer\">\n                    <div class=\"box-footer\">\n                        <div class=\"btn-wraper\">\n                                                            <a href=\"https:\/\/timpswalo.org\/en\/educacao-de-criancas\/\" class=\"elementskit-btn whitespace--normal\">\n                                    \n                                    \n                                    DONATE                                <\/a>\n                                                        <\/div>\n                    <\/div>\n                <\/div>\n                            <\/div>\n            <\/div>\n    <\/div>\t\t\t\t<\/div>\n\t\t\t\t<\/div>\n\t\t\t\t<\/div>\n\t\t<div class=\"elementor-element elementor-element-ca70957 e-con-full e-flex e-con e-child\" data-id=\"ca70957\" data-element_type=\"container\">\n\t\t\t\t<\/div>\n\t\t<div class=\"elementor-element elementor-element-39169aa e-con-full e-flex e-con e-child\" data-id=\"39169aa\" data-element_type=\"container\">\n\t\t\t\t<div class=\"elementor-element elementor-element-519ffe6 ekit-equal-height-disable elementor-widget elementor-widget-elementskit-image-box\" data-id=\"519ffe6\" data-element_type=\"widget\" data-widget_type=\"elementskit-image-box.default\">\n\t\t\t\t<div class=\"elementor-widget-container\">\n\t\t\t\t\t<div class=\"ekit-wid-con\" >\n            <div class=\"elementskit-info-image-box ekit-image-box text-center simple-card\" >\n\n                \n                <div class=\"elementskit-box-header image-box-img-center\">\n\n                    <img decoding=\"async\" width=\"1735\" height=\"1154\" src=\"https:\/\/timpswalo.org\/wp-content\/uploads\/2023\/01\/DD_TimpswaloWebSiteIMG2023-04.jpg\" class=\"attachment-full size-full wp-image-3031\" alt=\"\" srcset=\"https:\/\/timpswalo.org\/wp-content\/uploads\/2023\/01\/DD_TimpswaloWebSiteIMG2023-04.jpg 1735w, https:\/\/timpswalo.org\/wp-content\/uploads\/2023\/01\/DD_TimpswaloWebSiteIMG2023-04-300x200.jpg 300w, https:\/\/timpswalo.org\/wp-content\/uploads\/2023\/01\/DD_TimpswaloWebSiteIMG2023-04-1024x681.jpg 1024w, https:\/\/timpswalo.org\/wp-content\/uploads\/2023\/01\/DD_TimpswaloWebSiteIMG2023-04-768x511.jpg 768w, https:\/\/timpswalo.org\/wp-content\/uploads\/2023\/01\/DD_TimpswaloWebSiteIMG2023-04-1536x1022.jpg 1536w, https:\/\/timpswalo.org\/wp-content\/uploads\/2023\/01\/DD_TimpswaloWebSiteIMG2023-04-18x12.jpg 18w, https:\/\/timpswalo.org\/wp-content\/uploads\/2023\/01\/DD_TimpswaloWebSiteIMG2023-04-375x249.jpg 375w, https:\/\/timpswalo.org\/wp-content\/uploads\/2023\/01\/DD_TimpswaloWebSiteIMG2023-04-600x399.jpg 600w\" sizes=\"(max-width: 1735px) 100vw, 1735px\" \/>\n                <\/div>\n                \n                <div class=\"elementskit-box-body ekit-image-box-body\">\n                    <div class=\"elementskit-box-content ekit-image-box-body-inner\">\n                                                <h3 class=\"elementskit-info-box-title\">\n\n                         DONATE CLOTHES\n                        \n                    <\/h3>\n                                                        <\/div>\n\n                                <div class=\"elementskit-box-footer\">\n                    <div class=\"box-footer\">\n                        <div class=\"btn-wraper\">\n                                                            <a href=\"https:\/\/timpswalo.org\/en\/doe-roupas\/\" class=\"elementskit-btn whitespace--normal\">\n                                    \n                                    \n                                    DONATE                                <\/a>\n                                                        <\/div>\n                    <\/div>\n                <\/div>\n                            <\/div>\n            <\/div>\n    <\/div>\t\t\t\t<\/div>\n\t\t\t\t<\/div>\n\t\t\t\t<\/div>\n\t\t\t\t\t<\/div>\n\t\t\t\t<\/div>\n\t\t<div class=\"elementor-element elementor-element-88ccaf1 e-flex e-con-boxed e-con e-parent\" data-id=\"88ccaf1\" data-element_type=\"container\">\n\t\t\t\t\t<div class=\"e-con-inner\">\n\t\t<div class=\"elementor-element elementor-element-ef803d0 e-con-full e-flex e-con e-child\" data-id=\"ef803d0\" data-element_type=\"container\">\n\t\t\t\t<div class=\"elementor-element elementor-element-6408606 ekit-equal-height-disable elementor-widget elementor-widget-elementskit-image-box\" data-id=\"6408606\" data-element_type=\"widget\" data-widget_type=\"elementskit-image-box.default\">\n\t\t\t\t<div class=\"elementor-widget-container\">\n\t\t\t\t\t<div class=\"ekit-wid-con\" >\n            <div class=\"elementskit-info-image-box ekit-image-box text-center simple-card\" >\n\n                \n                <div class=\"elementskit-box-header image-box-img-center\">\n\n                    <img decoding=\"async\" width=\"1734\" height=\"1153\" src=\"https:\/\/timpswalo.org\/wp-content\/uploads\/2023\/01\/DD_TimpswaloWebSiteIMG2023-14-1.jpg\" class=\"attachment-full size-full wp-image-3104\" alt=\"\" srcset=\"https:\/\/timpswalo.org\/wp-content\/uploads\/2023\/01\/DD_TimpswaloWebSiteIMG2023-14-1.jpg 1734w, https:\/\/timpswalo.org\/wp-content\/uploads\/2023\/01\/DD_TimpswaloWebSiteIMG2023-14-1-300x199.jpg 300w, https:\/\/timpswalo.org\/wp-content\/uploads\/2023\/01\/DD_TimpswaloWebSiteIMG2023-14-1-1024x681.jpg 1024w, https:\/\/timpswalo.org\/wp-content\/uploads\/2023\/01\/DD_TimpswaloWebSiteIMG2023-14-1-768x511.jpg 768w, https:\/\/timpswalo.org\/wp-content\/uploads\/2023\/01\/DD_TimpswaloWebSiteIMG2023-14-1-1536x1021.jpg 1536w, https:\/\/timpswalo.org\/wp-content\/uploads\/2023\/01\/DD_TimpswaloWebSiteIMG2023-14-1-18x12.jpg 18w, https:\/\/timpswalo.org\/wp-content\/uploads\/2023\/01\/DD_TimpswaloWebSiteIMG2023-14-1-375x249.jpg 375w, https:\/\/timpswalo.org\/wp-content\/uploads\/2023\/01\/DD_TimpswaloWebSiteIMG2023-14-1-600x399.jpg 600w\" sizes=\"(max-width: 1734px) 100vw, 1734px\" \/>\n                <\/div>\n                \n                <div class=\"elementskit-box-body ekit-image-box-body\">\n                    <div class=\"elementskit-box-content ekit-image-box-body-inner\">\n                                                <h3 class=\"elementskit-info-box-title\">\n\n                         HELP WITH FOOD\n                        \n                    <\/h3>\n                                                        <\/div>\n\n                                <div class=\"elementskit-box-footer\">\n                    <div class=\"box-footer\">\n                        <div class=\"btn-wraper\">\n                                                            <a href=\"https:\/\/timpswalo.org\/en\/ajude-com-bens-alimentares\/\" class=\"elementskit-btn whitespace--normal\">\n                                    \n                                    \n                                    DONATE                                <\/a>\n                                                        <\/div>\n                    <\/div>\n                <\/div>\n                            <\/div>\n            <\/div>\n    <\/div>\t\t\t\t<\/div>\n\t\t\t\t<\/div>\n\t\t\t\t<\/div>\n\t\t<div class=\"elementor-element elementor-element-8946b66 e-con-full e-flex e-con e-child\" data-id=\"8946b66\" data-element_type=\"container\">\n\t\t\t\t<\/div>\n\t\t<div class=\"elementor-element elementor-element-df25540 e-con-full e-flex e-con e-child\" data-id=\"df25540\" data-element_type=\"container\">\n\t\t\t\t<div class=\"elementor-element elementor-element-8844e9e ekit-equal-height-disable elementor-widget elementor-widget-elementskit-image-box\" data-id=\"8844e9e\" data-element_type=\"widget\" data-widget_type=\"elementskit-image-box.default\">\n\t\t\t\t<div class=\"elementor-widget-container\">\n\t\t\t\t\t<div class=\"ekit-wid-con\" >\n            <div class=\"elementskit-info-image-box ekit-image-box text-center simple-card\" >\n\n                \n                <div class=\"elementskit-box-header image-box-img-center\">\n\n                    <img loading=\"lazy\" decoding=\"async\" width=\"1734\" height=\"1154\" src=\"https:\/\/timpswalo.org\/wp-content\/uploads\/2023\/01\/DD_TimpswaloWebSiteIMG2023-03.jpg\" class=\"attachment-full size-full wp-image-3030\" alt=\"\" srcset=\"https:\/\/timpswalo.org\/wp-content\/uploads\/2023\/01\/DD_TimpswaloWebSiteIMG2023-03.jpg 1734w, https:\/\/timpswalo.org\/wp-content\/uploads\/2023\/01\/DD_TimpswaloWebSiteIMG2023-03-300x200.jpg 300w, https:\/\/timpswalo.org\/wp-content\/uploads\/2023\/01\/DD_TimpswaloWebSiteIMG2023-03-1024x681.jpg 1024w, https:\/\/timpswalo.org\/wp-content\/uploads\/2023\/01\/DD_TimpswaloWebSiteIMG2023-03-768x511.jpg 768w, https:\/\/timpswalo.org\/wp-content\/uploads\/2023\/01\/DD_TimpswaloWebSiteIMG2023-03-1536x1022.jpg 1536w, https:\/\/timpswalo.org\/wp-content\/uploads\/2023\/01\/DD_TimpswaloWebSiteIMG2023-03-18x12.jpg 18w, https:\/\/timpswalo.org\/wp-content\/uploads\/2023\/01\/DD_TimpswaloWebSiteIMG2023-03-375x249.jpg 375w, https:\/\/timpswalo.org\/wp-content\/uploads\/2023\/01\/DD_TimpswaloWebSiteIMG2023-03-600x399.jpg 600w\" sizes=\"(max-width: 1734px) 100vw, 1734px\" \/>\n                <\/div>\n                \n                <div class=\"elementskit-box-body ekit-image-box-body\">\n                    <div class=\"elementskit-box-content ekit-image-box-body-inner\">\n                                                <h3 class=\"elementskit-info-box-title\">\n\n                         SPONSOR A CHILD\/OR ELDERLY PERSON\n                        \n                    <\/h3>\n                                                        <\/div>\n\n                                <div class=\"elementskit-box-footer\">\n                    <div class=\"box-footer\">\n                        <div class=\"btn-wraper\">\n                                                            <a href=\"https:\/\/timpswalo.org\/en\/apadrinhe-uma-crianca-ou-idoso\/\" class=\"elementskit-btn whitespace--normal\">\n                                    \n                                    \n                                    DONATE                                <\/a>\n                                                        <\/div>\n                    <\/div>\n                <\/div>\n                            <\/div>\n            <\/div>\n    <\/div>\t\t\t\t<\/div>\n\t\t\t\t<\/div>\n\t\t\t\t<\/div>\n\t\t\t\t\t<\/div>\n\t\t\t\t<\/div>\n\t\t<div class=\"elementor-element elementor-element-d33039f e-flex e-con-boxed e-con e-parent\" data-id=\"d33039f\" data-element_type=\"container\">\n\t\t\t\t\t<div class=\"e-con-inner\">\n\t\t<div class=\"elementor-element elementor-element-3bd6922 e-con-full e-flex e-con e-child\" data-id=\"3bd6922\" data-element_type=\"container\">\n\t\t\t\t<div class=\"elementor-element elementor-element-f76a243 ekit-equal-height-disable elementor-widget elementor-widget-elementskit-image-box\" data-id=\"f76a243\" data-element_type=\"widget\" data-widget_type=\"elementskit-image-box.default\">\n\t\t\t\t<div class=\"elementor-widget-container\">\n\t\t\t\t\t<div class=\"ekit-wid-con\" >\n            <div class=\"elementskit-info-image-box ekit-image-box text-center simple-card\" >\n\n                \n                <div class=\"elementskit-box-header image-box-img-center\">\n\n                    <img loading=\"lazy\" decoding=\"async\" width=\"1735\" height=\"1154\" src=\"https:\/\/timpswalo.org\/wp-content\/uploads\/2023\/01\/DD_TimpswaloWebSiteIMG2023-06.jpg\" class=\"attachment-full size-full wp-image-3033\" alt=\"\" srcset=\"https:\/\/timpswalo.org\/wp-content\/uploads\/2023\/01\/DD_TimpswaloWebSiteIMG2023-06.jpg 1735w, https:\/\/timpswalo.org\/wp-content\/uploads\/2023\/01\/DD_TimpswaloWebSiteIMG2023-06-300x200.jpg 300w, https:\/\/timpswalo.org\/wp-content\/uploads\/2023\/01\/DD_TimpswaloWebSiteIMG2023-06-1024x681.jpg 1024w, https:\/\/timpswalo.org\/wp-content\/uploads\/2023\/01\/DD_TimpswaloWebSiteIMG2023-06-768x511.jpg 768w, https:\/\/timpswalo.org\/wp-content\/uploads\/2023\/01\/DD_TimpswaloWebSiteIMG2023-06-1536x1022.jpg 1536w, https:\/\/timpswalo.org\/wp-content\/uploads\/2023\/01\/DD_TimpswaloWebSiteIMG2023-06-18x12.jpg 18w, https:\/\/timpswalo.org\/wp-content\/uploads\/2023\/01\/DD_TimpswaloWebSiteIMG2023-06-375x249.jpg 375w, https:\/\/timpswalo.org\/wp-content\/uploads\/2023\/01\/DD_TimpswaloWebSiteIMG2023-06-600x399.jpg 600w\" sizes=\"(max-width: 1735px) 100vw, 1735px\" \/>\n                <\/div>\n                \n                <div class=\"elementskit-box-body ekit-image-box-body\">\n                    <div class=\"elementskit-box-content ekit-image-box-body-inner\">\n                                                <h3 class=\"elementskit-info-box-title\">\n\n                         BECOME A VOLUNTEER\n                        \n                    <\/h3>\n                                                        <\/div>\n\n                                <div class=\"elementskit-box-footer\">\n                    <div class=\"box-footer\">\n                        <div class=\"btn-wraper\">\n                                                            <a href=\"http:\/\/timpswalo.org\/en\/voluntario\/\" class=\"elementskit-btn whitespace--normal\">\n                                    \n                                    \n                                    JOIN                                 <\/a>\n                                                        <\/div>\n                    <\/div>\n                <\/div>\n                            <\/div>\n            <\/div>\n    <\/div>\t\t\t\t<\/div>\n\t\t\t\t<\/div>\n\t\t\t\t<\/div>\n\t\t<div class=\"elementor-element elementor-element-3eeee5e e-con-full e-flex e-con e-child\" data-id=\"3eeee5e\" data-element_type=\"container\">\n\t\t\t\t<\/div>\n\t\t<div class=\"elementor-element elementor-element-ae37d08 e-con-full e-flex e-con e-child\" data-id=\"ae37d08\" data-element_type=\"container\">\n\t\t\t\t<div class=\"elementor-element elementor-element-b2279b1 ekit-equal-height-disable elementor-widget elementor-widget-elementskit-image-box\" data-id=\"b2279b1\" data-element_type=\"widget\" data-widget_type=\"elementskit-image-box.default\">\n\t\t\t\t<div class=\"elementor-widget-container\">\n\t\t\t\t\t<div class=\"ekit-wid-con\" >\n            <div class=\"elementskit-info-image-box ekit-image-box text-center simple-card\" >\n\n                \n                <div class=\"elementskit-box-header image-box-img-center\">\n\n                    <img loading=\"lazy\" decoding=\"async\" width=\"1734\" height=\"1153\" src=\"https:\/\/timpswalo.org\/wp-content\/uploads\/2023\/01\/DD_TimpswaloWebSiteIMG2023-05.jpg\" class=\"attachment-full size-full wp-image-3032\" alt=\"\" srcset=\"https:\/\/timpswalo.org\/wp-content\/uploads\/2023\/01\/DD_TimpswaloWebSiteIMG2023-05.jpg 1734w, https:\/\/timpswalo.org\/wp-content\/uploads\/2023\/01\/DD_TimpswaloWebSiteIMG2023-05-300x199.jpg 300w, https:\/\/timpswalo.org\/wp-content\/uploads\/2023\/01\/DD_TimpswaloWebSiteIMG2023-05-1024x681.jpg 1024w, https:\/\/timpswalo.org\/wp-content\/uploads\/2023\/01\/DD_TimpswaloWebSiteIMG2023-05-768x511.jpg 768w, https:\/\/timpswalo.org\/wp-content\/uploads\/2023\/01\/DD_TimpswaloWebSiteIMG2023-05-1536x1021.jpg 1536w, https:\/\/timpswalo.org\/wp-content\/uploads\/2023\/01\/DD_TimpswaloWebSiteIMG2023-05-18x12.jpg 18w, https:\/\/timpswalo.org\/wp-content\/uploads\/2023\/01\/DD_TimpswaloWebSiteIMG2023-05-375x249.jpg 375w, https:\/\/timpswalo.org\/wp-content\/uploads\/2023\/01\/DD_TimpswaloWebSiteIMG2023-05-600x399.jpg 600w\" sizes=\"(max-width: 1734px) 100vw, 1734px\" \/>\n                <\/div>\n                \n                <div class=\"elementskit-box-body ekit-image-box-body\">\n                    <div class=\"elementskit-box-content ekit-image-box-body-inner\">\n                                                <h3 class=\"elementskit-info-box-title\">\n\n                         DONATE MONEY\n                        \n                    <\/h3>\n                                                        <\/div>\n\n                                <div class=\"elementskit-box-footer\">\n                    <div class=\"box-footer\">\n                        <div class=\"btn-wraper\">\n                                                            <a href=\"http:\/\/timpswalo.org\/en\/doador\/\" class=\"elementskit-btn whitespace--normal\">\n                                    \n                                    \n                                    DONATE                                <\/a>\n                                                        <\/div>\n                    <\/div>\n                <\/div>\n                            <\/div>\n            <\/div>\n    <\/div>\t\t\t\t<\/div>\n\t\t\t\t<\/div>\n\t\t\t\t<\/div>\n\t\t\t\t\t<\/div>\n\t\t\t\t<\/div>\n\t\t\t\t<\/div>","protected":false},"excerpt":{"rendered":"<p>EDUCA\u00c7\u00c3O DE CRIAN\u00c7AS CONTRIBUA DOE ROUPAS CONTRIBUA AJUDE COM BENS ALIMENTARES CONTRIBUA APADRINHE UMA CRIAN\u00c7A\/OU IDOSO CONTRIBUA TORNE-SE VOLUNT\u00c1RIO PARTICIPE DOE DINHEIRO CONTRIBUA<\/p>","protected":false},"author":1,"featured_media":3594,"parent":0,"menu_order":0,"comment_status":"closed","ping_status":"closed","template":"","meta":{"om_disable_all_campaigns":false,"inline_featured_image":false,"_monsterinsights_skip_tracking":false,"_monsterinsights_sitenote_active":false,"_monsterinsights_sitenote_note":"","_monsterinsights_sitenote_category":0,"footnotes":""},"class_list":["post-744","page","type-page","status-publish","has-post-thumbnail","hentry"],"aioseo_notices":[],"_links":{"self":[{"href":"https:\/\/timpswalo.org\/en\/wp-json\/wp\/v2\/pages\/744","targetHints":{"allow":["GET"]}}],"collection":[{"href":"https:\/\/timpswalo.org\/en\/wp-json\/wp\/v2\/pages"}],"about":[{"href":"https:\/\/timpswalo.org\/en\/wp-json\/wp\/v2\/types\/page"}],"author":[{"embeddable":true,"href":"https:\/\/timpswalo.org\/en\/wp-json\/wp\/v2\/users\/1"}],"replies":[{"embeddable":true,"href":"https:\/\/timpswalo.org\/en\/wp-json\/wp\/v2\/comments?post=744"}],"version-history":[{"count":76,"href":"https:\/\/timpswalo.org\/en\/wp-json\/wp\/v2\/pages\/744\/revisions"}],"predecessor-version":[{"id":3603,"href":"https:\/\/timpswalo.org\/en\/wp-json\/wp\/v2\/pages\/744\/revisions\/3603"}],"wp:featuredmedia":[{"embeddable":true,"href":"https:\/\/timpswalo.org\/en\/wp-json\/wp\/v2\/media\/3594"}],"wp:attachment":[{"href":"https:\/\/timpswalo.org\/en\/wp-json\/wp\/v2\/media?parent=744"}],"curies":[{"name":"wp","href":"https:\/\/api.w.org\/{rel}","templated":true}]}}