{"id":63,"date":"2016-12-10T11:04:49","date_gmt":"2016-12-10T11:04:49","guid":{"rendered":"http:\/\/themekalia.com\/wp\/humanwelfare\/?page_id=63"},"modified":"2026-04-21T08:44:10","modified_gmt":"2026-04-21T08:44:10","slug":"about-us","status":"publish","type":"page","link":"https:\/\/timpswalo.org\/en\/about-us\/","title":{"rendered":"ABOUT US"},"content":{"rendered":"<div data-elementor-type=\"wp-page\" data-elementor-id=\"63\" class=\"elementor elementor-63\">\n\t\t\t\t\t\t<section class=\"elementor-section elementor-top-section elementor-element elementor-element-2c47278d elementor-section-boxed elementor-section-height-default elementor-section-height-default\" data-id=\"2c47278d\" data-element_type=\"section\">\n\t\t\t\t\t\t<div class=\"elementor-container elementor-column-gap-default\">\n\t\t\t\t\t<div class=\"elementor-column elementor-col-100 elementor-top-column elementor-element elementor-element-5819b81e\" data-id=\"5819b81e\" data-element_type=\"column\">\n\t\t\t<div class=\"elementor-widget-wrap elementor-element-populated\">\n\t\t\t\t\t\t<section class=\"elementor-section elementor-inner-section elementor-element elementor-element-4e0f7431 elementor-section-boxed elementor-section-height-default elementor-section-height-default\" data-id=\"4e0f7431\" data-element_type=\"section\">\n\t\t\t\t\t\t<div class=\"elementor-container elementor-column-gap-default\">\n\t\t\t\t\t<div class=\"elementor-column elementor-col-100 elementor-inner-column elementor-element elementor-element-7d45963b\" data-id=\"7d45963b\" data-element_type=\"column\">\n\t\t\t<div class=\"elementor-widget-wrap elementor-element-populated\">\n\t\t\t\t\t\t<div class=\"elementor-element elementor-element-15bc5609 elementor-widget elementor-widget-elementskit-heading\" data-id=\"15bc5609\" data-element_type=\"widget\" data-widget_type=\"elementskit-heading.default\">\n\t\t\t\t<div class=\"elementor-widget-container\">\n\t\t\t\t\t<div class=\"ekit-wid-con\" ><div class=\"ekit-heading elementskit-section-title-wraper center   ekit_heading_tablet-   ekit_heading_mobile-\"><h2 class=\"ekit-heading--title elementskit-section-title\">WHO WE ARE<\/h2><div class=\"ekit_heading_separetor_wraper ekit_heading_elementskit-border-divider ekit-dotted\"><div class=\"elementskit-border-divider ekit-dotted\"><\/div><\/div>\t\t\t\t<div class='ekit-heading__description'>\n\t\t\t\t\t<p><strong>TIMPSWALO<\/strong> in Changana (southern language of Mozambique) means \"one who has love and grace in his heart\". Thus, was born in Lugar do Infante in Mahubo, approximately 55 km from Maputo, a project to assist a very needy community.<\/p>\n<p>The space, a 1-hectare plot of land, was purchased by people with <strong>Timpswalo<\/strong>, touched in their hearts by the many needs and difficulties of the community living at km10 of Mahubo.<\/p>\n\t\t\t\t<\/div>\n\t\t\t<\/div><\/div>\t\t\t\t<\/div>\n\t\t\t\t<\/div>\n\t\t\t\t\t<\/div>\n\t\t<\/div>\n\t\t\t\t\t<\/div>\n\t\t<\/section>\n\t\t\t\t<section class=\"elementor-section elementor-inner-section elementor-element elementor-element-57dc670a elementor-section-boxed elementor-section-height-default elementor-section-height-default\" data-id=\"57dc670a\" data-element_type=\"section\">\n\t\t\t\t\t\t<div class=\"elementor-container elementor-column-gap-default\">\n\t\t\t\t\t<div class=\"elementor-column elementor-col-33 elementor-inner-column elementor-element elementor-element-c81e074\" data-id=\"c81e074\" data-element_type=\"column\">\n\t\t\t<div class=\"elementor-widget-wrap elementor-element-populated\">\n\t\t\t\t\t\t<div class=\"elementor-element elementor-element-56bd784b ekit-equal-height-disable elementor-widget elementor-widget-elementskit-image-box\" data-id=\"56bd784b\" data-element_type=\"widget\" data-widget_type=\"elementskit-image-box.default\">\n\t\t\t\t<div class=\"elementor-widget-container\">\n\t\t\t\t\t<div class=\"ekit-wid-con\" >\n            <div class=\"elementskit-info-image-box ekit-image-box text-center style-modern\" >\n\n                \n                <div class=\"elementskit-box-header image-box-img-center\">\n\n                    <img decoding=\"async\" src=\"https:\/\/timpswalo.org\/wp-content\/uploads\/elementor\/thumbs\/DD_TimpswaloWebSiteIMG2023-01-2-ra6xh5oe9vq2x4u5wt0ctzgnzzo9himo548ami0p0c.jpg\" title=\"DD_TimpswaloWebSiteIMG2023-01\" alt=\"DD_TimpswaloWebSiteIMG2023-01\" loading=\"lazy\" \/>\n                <\/div>\n                \n                <div class=\"elementskit-box-body ekit-image-box-body\">\n                    <div class=\"elementskit-box-content ekit-image-box-body-inner\">\n                                                <h3 class=\"elementskit-info-box-title\">\n\n                        CHILDREN'S SUPPORT\n                        \n                    <\/h3>\n                                                            <div class=\"elementskit-box-style-content\">\n                        A hot soup with all possible vegetables, rice, beans and pasta. At least once a month, these children eat something to nourish them. Our aim is to be able to guarantee them a daily meal in the future.                    <\/div>\n                                    <\/div>\n\n                            <\/div>\n            <\/div>\n    <\/div>\t\t\t\t<\/div>\n\t\t\t\t<\/div>\n\t\t\t\t\t<\/div>\n\t\t<\/div>\n\t\t\t\t<div class=\"elementor-column elementor-col-33 elementor-inner-column elementor-element elementor-element-dbf1598\" data-id=\"dbf1598\" data-element_type=\"column\">\n\t\t\t<div class=\"elementor-widget-wrap elementor-element-populated\">\n\t\t\t\t\t\t<div class=\"elementor-element elementor-element-3b0f900f ekit-equal-height-disable elementor-widget elementor-widget-elementskit-image-box\" data-id=\"3b0f900f\" data-element_type=\"widget\" data-widget_type=\"elementskit-image-box.default\">\n\t\t\t\t<div class=\"elementor-widget-container\">\n\t\t\t\t\t<div class=\"ekit-wid-con\" >\n            <div class=\"elementskit-info-image-box ekit-image-box text-center style-modern\" >\n\n                \n                <div class=\"elementskit-box-header image-box-img-center\">\n\n                    <img fetchpriority=\"high\" decoding=\"async\" width=\"1734\" height=\"1154\" src=\"https:\/\/timpswalo.org\/wp-content\/uploads\/2023\/01\/DD_TimpswaloWebSiteIMG2023-02-2.jpg\" class=\"attachment-full size-full wp-image-3050\" alt=\"\" srcset=\"https:\/\/timpswalo.org\/wp-content\/uploads\/2023\/01\/DD_TimpswaloWebSiteIMG2023-02-2.jpg 1734w, https:\/\/timpswalo.org\/wp-content\/uploads\/2023\/01\/DD_TimpswaloWebSiteIMG2023-02-2-300x200.jpg 300w, https:\/\/timpswalo.org\/wp-content\/uploads\/2023\/01\/DD_TimpswaloWebSiteIMG2023-02-2-1024x681.jpg 1024w, https:\/\/timpswalo.org\/wp-content\/uploads\/2023\/01\/DD_TimpswaloWebSiteIMG2023-02-2-768x511.jpg 768w, https:\/\/timpswalo.org\/wp-content\/uploads\/2023\/01\/DD_TimpswaloWebSiteIMG2023-02-2-1536x1022.jpg 1536w, https:\/\/timpswalo.org\/wp-content\/uploads\/2023\/01\/DD_TimpswaloWebSiteIMG2023-02-2-18x12.jpg 18w, https:\/\/timpswalo.org\/wp-content\/uploads\/2023\/01\/DD_TimpswaloWebSiteIMG2023-02-2-375x249.jpg 375w, https:\/\/timpswalo.org\/wp-content\/uploads\/2023\/01\/DD_TimpswaloWebSiteIMG2023-02-2-600x399.jpg 600w\" sizes=\"(max-width: 1734px) 100vw, 1734px\" \/>\n                <\/div>\n                \n                <div class=\"elementskit-box-body ekit-image-box-body\">\n                    <div class=\"elementskit-box-content ekit-image-box-body-inner\">\n                                                <h3 class=\"elementskit-info-box-title\">\n\n                        SUPPORT FOR THE ELDERLY\n                        \n                    <\/h3>\n                                                            <div class=\"elementskit-box-style-content\">\n                        \u00c9 importante o alimento, o medicamento, mas tamb\u00e9m vestu\u00e1rio e cal\u00e7ado. Neste momento, garantimos, com ajuda dos padrinhos, 44 cestas b\u00e1sicas aos idosos que n\u00e3o se podem locomover, por serem portadores de algum tipo de defici\u00eancia, por viverem desamparados. Temos tamb\u00e9m 10 crian\u00e7as com defici\u00eancia que se beneficiam desta iniciativa.                    <\/div>\n                                    <\/div>\n\n                            <\/div>\n            <\/div>\n    <\/div>\t\t\t\t<\/div>\n\t\t\t\t<\/div>\n\t\t\t\t\t<\/div>\n\t\t<\/div>\n\t\t\t\t<div class=\"elementor-column elementor-col-33 elementor-inner-column elementor-element elementor-element-12dc2aa6\" data-id=\"12dc2aa6\" data-element_type=\"column\">\n\t\t\t<div class=\"elementor-widget-wrap elementor-element-populated\">\n\t\t\t\t\t\t<div class=\"elementor-element elementor-element-5972b5be ekit-equal-height-disable elementor-widget elementor-widget-elementskit-image-box\" data-id=\"5972b5be\" data-element_type=\"widget\" data-widget_type=\"elementskit-image-box.default\">\n\t\t\t\t<div class=\"elementor-widget-container\">\n\t\t\t\t\t<div class=\"ekit-wid-con\" >\n            <div class=\"elementskit-info-image-box ekit-image-box text-center style-modern\" >\n\n                \n                <div class=\"elementskit-box-header image-box-img-center\">\n\n                    <img decoding=\"async\" width=\"1734\" height=\"1153\" src=\"https:\/\/timpswalo.org\/wp-content\/uploads\/2023\/01\/DD_TimpswaloWebSiteIMG2023-03-2.jpg\" class=\"attachment-full size-full wp-image-3051\" alt=\"\" srcset=\"https:\/\/timpswalo.org\/wp-content\/uploads\/2023\/01\/DD_TimpswaloWebSiteIMG2023-03-2.jpg 1734w, https:\/\/timpswalo.org\/wp-content\/uploads\/2023\/01\/DD_TimpswaloWebSiteIMG2023-03-2-300x199.jpg 300w, https:\/\/timpswalo.org\/wp-content\/uploads\/2023\/01\/DD_TimpswaloWebSiteIMG2023-03-2-1024x681.jpg 1024w, https:\/\/timpswalo.org\/wp-content\/uploads\/2023\/01\/DD_TimpswaloWebSiteIMG2023-03-2-768x511.jpg 768w, https:\/\/timpswalo.org\/wp-content\/uploads\/2023\/01\/DD_TimpswaloWebSiteIMG2023-03-2-1536x1021.jpg 1536w, https:\/\/timpswalo.org\/wp-content\/uploads\/2023\/01\/DD_TimpswaloWebSiteIMG2023-03-2-18x12.jpg 18w, https:\/\/timpswalo.org\/wp-content\/uploads\/2023\/01\/DD_TimpswaloWebSiteIMG2023-03-2-375x249.jpg 375w, https:\/\/timpswalo.org\/wp-content\/uploads\/2023\/01\/DD_TimpswaloWebSiteIMG2023-03-2-600x399.jpg 600w\" sizes=\"(max-width: 1734px) 100vw, 1734px\" \/>\n                <\/div>\n                \n                <div class=\"elementskit-box-body ekit-image-box-body\">\n                    <div class=\"elementskit-box-content ekit-image-box-body-inner\">\n                                                <h3 class=\"elementskit-info-box-title\">\n\n                        PHYTOTHERAPY \n                        \n                    <\/h3>\n                                                            <div class=\"elementskit-box-style-content\">\n                        The pharmacy. After the consultation, patients go to the pharmacy where they are supplied with the prescribed medication. This work is shared by the FSF - Fraternidade sem Fronteiras and Grupo Arco-\u00cdris Maputo                    <\/div>\n                                    <\/div>\n\n                            <\/div>\n            <\/div>\n    <\/div>\t\t\t\t<\/div>\n\t\t\t\t<\/div>\n\t\t\t\t\t<\/div>\n\t\t<\/div>\n\t\t\t\t\t<\/div>\n\t\t<\/section>\n\t\t\t\t<div class=\"elementor-element elementor-element-faaba7e elementor-widget-elementskit-dual-button-center elementor-invisible elementor-widget elementor-widget-elementskit-dual-button\" data-id=\"faaba7e\" data-element_type=\"widget\" data-settings=\"{&quot;_animation&quot;:&quot;fadeInDown&quot;}\" data-widget_type=\"elementskit-dual-button.default\">\n\t\t\t\t<div class=\"elementor-widget-container\">\n\t\t\t\t\t<div class=\"ekit-wid-con\" >\n                <div class=\"ekit-element-align-wrapper\">\n                    <div class=\"ekit_double_button\">                <a class=\"ekit-double-btn ekit-double-btn-one\" href=\"http:\/\/timpswalo.org\/en\/doador\/\">\n                    DONATE                <\/a>\n            \n            <a class=\"ekit-double-btn ekit-double-btn-two\" href=\"http:\/\/timpswalo.org\/en\/contact\/\">\n                    TALK TO US                <\/a>\n                  <\/div>\n                <\/div>\n            <\/div>\t\t\t\t<\/div>\n\t\t\t\t<\/div>\n\t\t\t\t\t<\/div>\n\t\t<\/div>\n\t\t\t\t\t<\/div>\n\t\t<\/section>\n\t\t\t\t<section class=\"elementor-section elementor-top-section elementor-element elementor-element-b6e57c6 elementor-section-boxed elementor-section-height-default elementor-section-height-default\" data-id=\"b6e57c6\" data-element_type=\"section\" data-settings=\"{&quot;background_background&quot;:&quot;classic&quot;}\">\n\t\t\t\t\t\t<div class=\"elementor-container elementor-column-gap-default\">\n\t\t\t\t\t<div class=\"elementor-column elementor-col-50 elementor-top-column elementor-element elementor-element-c8638f5\" data-id=\"c8638f5\" data-element_type=\"column\">\n\t\t\t<div class=\"elementor-widget-wrap elementor-element-populated\">\n\t\t\t\t\t\t<div class=\"elementor-element elementor-element-d1a8335 elementor-widget elementor-widget-elementskit-heading\" data-id=\"d1a8335\" data-element_type=\"widget\" data-widget_type=\"elementskit-heading.default\">\n\t\t\t\t<div class=\"elementor-widget-container\">\n\t\t\t\t\t<div class=\"ekit-wid-con\" ><div class=\"ekit-heading elementskit-section-title-wraper text_left   ekit_heading_tablet-   ekit_heading_mobile-\"><h2 class=\"ekit-heading--title elementskit-section-title\">TIMPSWALO<\/h2><div class=\"ekit_heading_separetor_wraper ekit_heading_elementskit-border-divider ekit-dotted\"><div class=\"elementskit-border-divider ekit-dotted\"><\/div><\/div>\t\t\t\t<div class='ekit-heading__description'>\n\t\t\t\t\t<p><strong>He who has love and grace in his heart <\/strong><\/p>\n\t\t\t\t<\/div>\n\t\t\t<\/div><\/div>\t\t\t\t<\/div>\n\t\t\t\t<\/div>\n\t\t\t\t\t<\/div>\n\t\t<\/div>\n\t\t\t\t<div class=\"elementor-column elementor-col-50 elementor-top-column elementor-element elementor-element-c23189b\" data-id=\"c23189b\" data-element_type=\"column\">\n\t\t\t<div class=\"elementor-widget-wrap elementor-element-populated\">\n\t\t\t\t\t\t<div class=\"elementor-element elementor-element-83c3012 elementor-invisible elementor-widget elementor-widget-elementskit-accordion\" data-id=\"83c3012\" data-element_type=\"widget\" data-settings=\"{&quot;_animation&quot;:&quot;fadeIn&quot;}\" data-widget_type=\"elementskit-accordion.default\">\n\t\t\t\t<div class=\"elementor-widget-container\">\n\t\t\t\t\t<div class=\"ekit-wid-con\" >\n        <div class=\"elementskit-accordion accoedion-primary\" id=\"accordion-69e99c558e013\">\n\n            \n                <div class=\"elementskit-card\">\n                    <div class=\"elementskit-card-header\" id=\"primaryHeading-0-83c3012\">\n                        <a href=\"#collapse-bc2283069e99c558e013\" class=\"ekit-accordion--toggler elementskit-btn-link collapsed\" data-ekit-toggle=\"collapse\" data-target=\"#Collapse-bc2283069e99c558e013\" aria-expanded=\"false\" aria-controls=\"Collapse-bc2283069e99c558e013\">\n                            \n                                <span class=\"number\"><\/span>\n\n                            \n                            <span class=\"ekit-accordion-title\">MISSION<\/span>\n\n                            \n                                <div class=\"ekit_accordion_icon_group\">\n                                    <div class=\"ekit_accordion_normal_icon\">\n                                        <!-- Normal Icon -->\n\t\t\t\t\t\t\t\t\t\t<svg class=\"e-font-icon-svg e-fas-angle-down\" viewbox=\"0 0 320 512\" xmlns=\"http:\/\/www.w3.org\/2000\/svg\"><path d=\"M143 352.3L7 216.3c-9.4-9.4-9.4-24.6 0-33.9l22.6-22.6c9.4-9.4 24.6-9.4 33.9 0l96.4 96.4 96.4-96.4c9.4-9.4 24.6-9.4 33.9 0l22.6 22.6c9.4 9.4 9.4 24.6 0 33.9l-136 136c-9.2 9.4-24.4 9.4-33.8 0z\"><\/path><\/svg>                                    <\/div>\n\n                                    <div class=\"ekit_accordion_active_icon\">\n                                        <!-- Active Icon -->\n\t\t\t\t\t\t\t\t\t\t<svg class=\"e-font-icon-svg e-fas-arrow-up\" viewbox=\"0 0 448 512\" xmlns=\"http:\/\/www.w3.org\/2000\/svg\"><path d=\"M34.9 289.5l-22.2-22.2c-9.4-9.4-9.4-24.6 0-33.9L207 39c9.4-9.4 24.6-9.4 33.9 0l194.3 194.3c9.4 9.4 9.4 24.6 0 33.9L413 289.4c-9.5 9.5-25 9.3-34.3-.4L264 168.6V456c0 13.3-10.7 24-24 24h-32c-13.3 0-24-10.7-24-24V168.6L69.2 289.1c-9.3 9.8-24.8 10-34.3.4z\"><\/path><\/svg>                                    <\/div>\n                                <\/div>\n\n                            \n                                                    <\/a>\n                    <\/div>\n\n                    <div id=\"Collapse-bc2283069e99c558e013\" class=\"collapse\" aria-labelledby=\"primaryHeading-0-83c3012\" data-parent=\"#accordion-69e99c558e013\">\n\n                        <div class=\"elementskit-card-body ekit-accordion--content\">\n                            <p>Having as a premise \"Outside of Charity there is no Salvation\" and so that they can enjoy a higher condition and a more dignified life we commit ourselves daily to gather human means (volunteers) and Financial Resources (donations) so that, on the second Saturday of each month, we can help those who need it most in the Mahubo10 community, at Lugar do Infante.<\/p>                        <\/div>\n\n                    <\/div>\n\n                <\/div><!-- .elementskit-card END -->\n\n                \n                <div class=\"elementskit-card\">\n                    <div class=\"elementskit-card-header\" id=\"primaryHeading-1-83c3012\">\n                        <a href=\"#collapse-8417e7169e99c558e013\" class=\"ekit-accordion--toggler elementskit-btn-link collapsed\" data-ekit-toggle=\"collapse\" data-target=\"#Collapse-8417e7169e99c558e013\" aria-expanded=\"false\" aria-controls=\"Collapse-8417e7169e99c558e013\">\n                            \n                                <span class=\"number\"><\/span>\n\n                            \n                            <span class=\"ekit-accordion-title\">VALUE<\/span>\n\n                            \n                                <div class=\"ekit_accordion_icon_group\">\n                                    <div class=\"ekit_accordion_normal_icon\">\n                                        <!-- Normal Icon -->\n\t\t\t\t\t\t\t\t\t\t<svg class=\"e-font-icon-svg e-fas-angle-down\" viewbox=\"0 0 320 512\" xmlns=\"http:\/\/www.w3.org\/2000\/svg\"><path d=\"M143 352.3L7 216.3c-9.4-9.4-9.4-24.6 0-33.9l22.6-22.6c9.4-9.4 24.6-9.4 33.9 0l96.4 96.4 96.4-96.4c9.4-9.4 24.6-9.4 33.9 0l22.6 22.6c9.4 9.4 9.4 24.6 0 33.9l-136 136c-9.2 9.4-24.4 9.4-33.8 0z\"><\/path><\/svg>                                    <\/div>\n\n                                    <div class=\"ekit_accordion_active_icon\">\n                                        <!-- Active Icon -->\n\t\t\t\t\t\t\t\t\t\t<svg class=\"e-font-icon-svg e-fas-arrow-up\" viewbox=\"0 0 448 512\" xmlns=\"http:\/\/www.w3.org\/2000\/svg\"><path d=\"M34.9 289.5l-22.2-22.2c-9.4-9.4-9.4-24.6 0-33.9L207 39c9.4-9.4 24.6-9.4 33.9 0l194.3 194.3c9.4 9.4 9.4 24.6 0 33.9L413 289.4c-9.5 9.5-25 9.3-34.3-.4L264 168.6V456c0 13.3-10.7 24-24 24h-32c-13.3 0-24-10.7-24-24V168.6L69.2 289.1c-9.3 9.8-24.8 10-34.3.4z\"><\/path><\/svg>                                    <\/div>\n                                <\/div>\n\n                            \n                                                    <\/a>\n                    <\/div>\n\n                    <div id=\"Collapse-8417e7169e99c558e013\" class=\"collapse\" aria-labelledby=\"primaryHeading-1-83c3012\" data-parent=\"#accordion-69e99c558e013\">\n\n                        <div class=\"elementskit-card-body ekit-accordion--content\">\n                            <p>To bring together more and more volunteers and donors so that on a daily basis, and not monthly as we have been doing, we can provide an improvement in the condition of the population and disadvantaged groups (with special focus on children and the elderly) on the path to economic, social and human development of the community;<\/p>                        <\/div>\n\n                    <\/div>\n\n                <\/div><!-- .elementskit-card END -->\n\n                \n                <div class=\"elementskit-card\">\n                    <div class=\"elementskit-card-header\" id=\"primaryHeading-2-83c3012\">\n                        <a href=\"#collapse-3dad4e069e99c558e013\" class=\"ekit-accordion--toggler elementskit-btn-link collapsed\" data-ekit-toggle=\"collapse\" data-target=\"#Collapse-3dad4e069e99c558e013\" aria-expanded=\"false\" aria-controls=\"Collapse-3dad4e069e99c558e013\">\n                            \n                                <span class=\"number\"><\/span>\n\n                            \n                            <span class=\"ekit-accordion-title\">VISION<\/span>\n\n                            \n                                <div class=\"ekit_accordion_icon_group\">\n                                    <div class=\"ekit_accordion_normal_icon\">\n                                        <!-- Normal Icon -->\n\t\t\t\t\t\t\t\t\t\t<svg class=\"e-font-icon-svg e-fas-angle-down\" viewbox=\"0 0 320 512\" xmlns=\"http:\/\/www.w3.org\/2000\/svg\"><path d=\"M143 352.3L7 216.3c-9.4-9.4-9.4-24.6 0-33.9l22.6-22.6c9.4-9.4 24.6-9.4 33.9 0l96.4 96.4 96.4-96.4c9.4-9.4 24.6-9.4 33.9 0l22.6 22.6c9.4 9.4 9.4 24.6 0 33.9l-136 136c-9.2 9.4-24.4 9.4-33.8 0z\"><\/path><\/svg>                                    <\/div>\n\n                                    <div class=\"ekit_accordion_active_icon\">\n                                        <!-- Active Icon -->\n\t\t\t\t\t\t\t\t\t\t<svg class=\"e-font-icon-svg e-fas-arrow-up\" viewbox=\"0 0 448 512\" xmlns=\"http:\/\/www.w3.org\/2000\/svg\"><path d=\"M34.9 289.5l-22.2-22.2c-9.4-9.4-9.4-24.6 0-33.9L207 39c9.4-9.4 24.6-9.4 33.9 0l194.3 194.3c9.4 9.4 9.4 24.6 0 33.9L413 289.4c-9.5 9.5-25 9.3-34.3-.4L264 168.6V456c0 13.3-10.7 24-24 24h-32c-13.3 0-24-10.7-24-24V168.6L69.2 289.1c-9.3 9.8-24.8 10-34.3.4z\"><\/path><\/svg>                                    <\/div>\n                                <\/div>\n\n                            \n                                                    <\/a>\n                    <\/div>\n\n                    <div id=\"Collapse-3dad4e069e99c558e013\" class=\"collapse\" aria-labelledby=\"primaryHeading-2-83c3012\" data-parent=\"#accordion-69e99c558e013\">\n\n                        <div class=\"elementskit-card-body ekit-accordion--content\">\n                            Our values focus on creating projects promoting education, food assistance; educational; health; youth empowerment; self-income generation; development education, human development and humanitarian and emergency aid.                        <\/div>\n\n                    <\/div>\n\n                <\/div><!-- .elementskit-card END -->\n\n                                        <\/div>\n    <\/div>\t\t\t\t<\/div>\n\t\t\t\t<\/div>\n\t\t\t\t\t<\/div>\n\t\t<\/div>\n\t\t\t\t\t<\/div>\n\t\t<\/section>\n\t\t\t\t<\/div>","protected":false},"excerpt":{"rendered":"<p>QUEM SOMOS TIMPSWALO em Changana (dialeto do sul de Mo\u00e7ambique) quer dizer &#8220;aquele que tem amor e gra\u00e7a em seu cora\u00e7\u00e3o&#8221;. Assim nasceu, no Lugar do Infante em Mahubo, aproximadamente<\/p>","protected":false},"author":1,"featured_media":3594,"parent":0,"menu_order":0,"comment_status":"closed","ping_status":"closed","template":"elementor_header_footer","meta":{"om_disable_all_campaigns":false,"inline_featured_image":false,"_monsterinsights_skip_tracking":false,"_monsterinsights_sitenote_active":false,"_monsterinsights_sitenote_note":"","_monsterinsights_sitenote_category":0,"footnotes":""},"class_list":["post-63","page","type-page","status-publish","has-post-thumbnail","hentry"],"aioseo_notices":[],"_links":{"self":[{"href":"https:\/\/timpswalo.org\/en\/wp-json\/wp\/v2\/pages\/63","targetHints":{"allow":["GET"]}}],"collection":[{"href":"https:\/\/timpswalo.org\/en\/wp-json\/wp\/v2\/pages"}],"about":[{"href":"https:\/\/timpswalo.org\/en\/wp-json\/wp\/v2\/types\/page"}],"author":[{"embeddable":true,"href":"https:\/\/timpswalo.org\/en\/wp-json\/wp\/v2\/users\/1"}],"replies":[{"embeddable":true,"href":"https:\/\/timpswalo.org\/en\/wp-json\/wp\/v2\/comments?post=63"}],"version-history":[{"count":111,"href":"https:\/\/timpswalo.org\/en\/wp-json\/wp\/v2\/pages\/63\/revisions"}],"predecessor-version":[{"id":3597,"href":"https:\/\/timpswalo.org\/en\/wp-json\/wp\/v2\/pages\/63\/revisions\/3597"}],"wp:featuredmedia":[{"embeddable":true,"href":"https:\/\/timpswalo.org\/en\/wp-json\/wp\/v2\/media\/3594"}],"wp:attachment":[{"href":"https:\/\/timpswalo.org\/en\/wp-json\/wp\/v2\/media?parent=63"}],"curies":[{"name":"wp","href":"https:\/\/api.w.org\/{rel}","templated":true}]}}